{"id":373,"date":"2025-10-10T13:54:25","date_gmt":"2025-10-10T11:54:25","guid":{"rendered":"https:\/\/www.patrolne.be\/?post_type=product&#038;p=373"},"modified":"2025-10-14T13:39:55","modified_gmt":"2025-10-14T11:39:55","slug":"pre-commande-polar-regionale","status":"publish","type":"product","link":"https:\/\/www.patrolne.be\/?product=pre-commande-polar-regionale","title":{"rendered":"Pr\u00e9-commande : Polar r\u00e9gionale"},"content":{"rendered":"<p>Polar r\u00e9gio imprim\u00e9 avec logo dans le dos.<\/p>\n<p>Si tu pr\u00e9-commandes, tu peux m\u00eame ajouter ton pr\u00e9nom pour seulement 7\u20acde plus !<\/p>\n","protected":false},"excerpt":{"rendered":"<p>Polar r\u00e9gio imprim\u00e9 avec logo dans le dos. Si tu pr\u00e9-commandes, tu peux m\u00eame ajouter ton pr\u00e9nom pour seulement 7\u20acde plus !<\/p>\n","protected":false},"featured_media":375,"comment_status":"open","ping_status":"closed","template":"","meta":{"neve_meta_sidebar":"","neve_meta_container":"","neve_meta_enable_content_width":"off","neve_meta_content_width":100,"neve_meta_title_alignment":"","neve_meta_author_avatar":"","neve_post_elements_order":"","neve_meta_disable_header":"","neve_meta_disable_footer":"","neve_meta_disable_title":""},"product_brand":[],"product_cat":[19],"product_tag":[],"class_list":{"0":"post-373","1":"product","2":"type-product","3":"status-publish","4":"has-post-thumbnail","6":"product_cat-non-classe","8":"first","9":"instock","10":"shipping-taxable","11":"purchasable","12":"product-type-variable"},"jetpack_sharing_enabled":true,"_links":{"self":[{"href":"https:\/\/www.patrolne.be\/index.php?rest_route=\/wp\/v2\/product\/373","targetHints":{"allow":["GET"]}}],"collection":[{"href":"https:\/\/www.patrolne.be\/index.php?rest_route=\/wp\/v2\/product"}],"about":[{"href":"https:\/\/www.patrolne.be\/index.php?rest_route=\/wp\/v2\/types\/product"}],"replies":[{"embeddable":true,"href":"https:\/\/www.patrolne.be\/index.php?rest_route=%2Fwp%2Fv2%2Fcomments&post=373"}],"wp:featuredmedia":[{"embeddable":true,"href":"https:\/\/www.patrolne.be\/index.php?rest_route=\/wp\/v2\/media\/375"}],"wp:attachment":[{"href":"https:\/\/www.patrolne.be\/index.php?rest_route=%2Fwp%2Fv2%2Fmedia&parent=373"}],"wp:term":[{"taxonomy":"product_brand","embeddable":true,"href":"https:\/\/www.patrolne.be\/index.php?rest_route=%2Fwp%2Fv2%2Fproduct_brand&post=373"},{"taxonomy":"product_cat","embeddable":true,"href":"https:\/\/www.patrolne.be\/index.php?rest_route=%2Fwp%2Fv2%2Fproduct_cat&post=373"},{"taxonomy":"product_tag","embeddable":true,"href":"https:\/\/www.patrolne.be\/index.php?rest_route=%2Fwp%2Fv2%2Fproduct_tag&post=373"}],"curies":[{"name":"wp","href":"https:\/\/api.w.org\/{rel}","templated":true}]}}