{"id":206,"date":"2023-05-30T15:44:53","date_gmt":"2023-05-30T13:44:53","guid":{"rendered":"https:\/\/www.patrolne.be\/?page_id=206"},"modified":"2025-03-11T18:58:00","modified_gmt":"2025-03-11T17:58:00","slug":"locaux-annexes","status":"publish","type":"page","link":"https:\/\/www.patrolne.be\/?page_id=206","title":{"rendered":"Locaux Annexes"},"content":{"rendered":"\n<div class=\"wp-block-jetpack-tiled-gallery aligncenter is-style-rectangular\"><div class=\"\"><div class=\"tiled-gallery__gallery\"><div class=\"tiled-gallery__row\"><div class=\"tiled-gallery__col\" style=\"flex-basis:40.63456%\"><figure class=\"tiled-gallery__item\"><img decoding=\"async\" srcset=\"https:\/\/i0.wp.com\/www.patrolne.be\/wp-content\/uploads\/2023\/05\/LOC1-1024x535.jpg?strip=info&#038;w=600&#038;ssl=1 600w,https:\/\/i0.wp.com\/www.patrolne.be\/wp-content\/uploads\/2023\/05\/LOC1-1024x535.jpg?strip=info&#038;w=900&#038;ssl=1 900w,https:\/\/i0.wp.com\/www.patrolne.be\/wp-content\/uploads\/2023\/05\/LOC1-1024x535.jpg?strip=info&#038;w=1200&#038;ssl=1 1200w,https:\/\/i0.wp.com\/www.patrolne.be\/wp-content\/uploads\/2023\/05\/LOC1-1024x535.jpg?strip=info&#038;w=1500&#038;ssl=1 1500w,https:\/\/i0.wp.com\/www.patrolne.be\/wp-content\/uploads\/2023\/05\/LOC1-1024x535.jpg?strip=info&#038;w=1800&#038;ssl=1 1800w,https:\/\/i0.wp.com\/www.patrolne.be\/wp-content\/uploads\/2023\/05\/LOC1-1024x535.jpg?strip=info&#038;w=2000&#038;ssl=1 2000w\" alt=\"\" data-height=\"1069\" data-id=\"167\" data-link=\"https:\/\/www.patrolne.be\/?attachment_id=167\" data-url=\"https:\/\/www.patrolne.be\/wp-content\/uploads\/2023\/05\/LOC1-1024x535.jpg\" data-width=\"2048\" src=\"https:\/\/i0.wp.com\/www.patrolne.be\/wp-content\/uploads\/2023\/05\/LOC1-1024x535.jpg?ssl=1\" data-amp-layout=\"responsive\" aria-label=\"Ouvrir l\u2019image 1 sur 4 en plein \u00e9cran\"\/><\/figure><figure class=\"tiled-gallery__item\"><img decoding=\"async\" srcset=\"https:\/\/i0.wp.com\/www.patrolne.be\/wp-content\/uploads\/2023\/05\/LOC2-1024x640.jpg?strip=info&#038;w=600&#038;ssl=1 600w,https:\/\/i0.wp.com\/www.patrolne.be\/wp-content\/uploads\/2023\/05\/LOC2-1024x640.jpg?strip=info&#038;w=900&#038;ssl=1 900w,https:\/\/i0.wp.com\/www.patrolne.be\/wp-content\/uploads\/2023\/05\/LOC2-1024x640.jpg?strip=info&#038;w=1200&#038;ssl=1 1200w,https:\/\/i0.wp.com\/www.patrolne.be\/wp-content\/uploads\/2023\/05\/LOC2-1024x640.jpg?strip=info&#038;w=1500&#038;ssl=1 1500w,https:\/\/i0.wp.com\/www.patrolne.be\/wp-content\/uploads\/2023\/05\/LOC2-1024x640.jpg?strip=info&#038;w=1800&#038;ssl=1 1800w,https:\/\/i0.wp.com\/www.patrolne.be\/wp-content\/uploads\/2023\/05\/LOC2-1024x640.jpg?strip=info&#038;w=2000&#038;ssl=1 2000w\" alt=\"\" data-height=\"1280\" data-id=\"168\" data-link=\"https:\/\/www.patrolne.be\/?attachment_id=168\" data-url=\"https:\/\/www.patrolne.be\/wp-content\/uploads\/2023\/05\/LOC2-1024x640.jpg\" data-width=\"2048\" src=\"https:\/\/i0.wp.com\/www.patrolne.be\/wp-content\/uploads\/2023\/05\/LOC2-1024x640.jpg?ssl=1\" data-amp-layout=\"responsive\" aria-label=\"Ouvrir l\u2019image 2 sur 4 en plein \u00e9cran\"\/><\/figure><figure class=\"tiled-gallery__item\"><img decoding=\"async\" srcset=\"https:\/\/i0.wp.com\/www.patrolne.be\/wp-content\/uploads\/2023\/05\/LOC3-1024x807.jpg?strip=info&#038;w=600&#038;ssl=1 600w,https:\/\/i0.wp.com\/www.patrolne.be\/wp-content\/uploads\/2023\/05\/LOC3-1024x807.jpg?strip=info&#038;w=900&#038;ssl=1 900w,https:\/\/i0.wp.com\/www.patrolne.be\/wp-content\/uploads\/2023\/05\/LOC3-1024x807.jpg?strip=info&#038;w=1200&#038;ssl=1 1200w,https:\/\/i0.wp.com\/www.patrolne.be\/wp-content\/uploads\/2023\/05\/LOC3-1024x807.jpg?strip=info&#038;w=1500&#038;ssl=1 1500w,https:\/\/i0.wp.com\/www.patrolne.be\/wp-content\/uploads\/2023\/05\/LOC3-1024x807.jpg?strip=info&#038;w=1800&#038;ssl=1 1800w,https:\/\/i0.wp.com\/www.patrolne.be\/wp-content\/uploads\/2023\/05\/LOC3-1024x807.jpg?strip=info&#038;w=2000&#038;ssl=1 2000w\" alt=\"\" data-height=\"1614\" data-id=\"169\" data-link=\"https:\/\/www.patrolne.be\/?attachment_id=169\" data-url=\"https:\/\/www.patrolne.be\/wp-content\/uploads\/2023\/05\/LOC3-1024x807.jpg\" data-width=\"2048\" src=\"https:\/\/i0.wp.com\/www.patrolne.be\/wp-content\/uploads\/2023\/05\/LOC3-1024x807.jpg?ssl=1\" data-amp-layout=\"responsive\" aria-label=\"Ouvrir l\u2019image 3 sur 4 en plein \u00e9cran\"\/><\/figure><\/div><div class=\"tiled-gallery__col\" style=\"flex-basis:59.36544%\"><figure class=\"tiled-gallery__item\"><img decoding=\"async\" srcset=\"https:\/\/i0.wp.com\/www.patrolne.be\/wp-content\/uploads\/2023\/05\/LOC4-768x1024.jpg?strip=info&#038;w=600&#038;ssl=1 600w,https:\/\/i0.wp.com\/www.patrolne.be\/wp-content\/uploads\/2023\/05\/LOC4-768x1024.jpg?strip=info&#038;w=900&#038;ssl=1 900w,https:\/\/i0.wp.com\/www.patrolne.be\/wp-content\/uploads\/2023\/05\/LOC4-768x1024.jpg?strip=info&#038;w=1200&#038;ssl=1 1200w,https:\/\/i0.wp.com\/www.patrolne.be\/wp-content\/uploads\/2023\/05\/LOC4-768x1024.jpg?strip=info&#038;w=1500&#038;ssl=1 1500w,https:\/\/i0.wp.com\/www.patrolne.be\/wp-content\/uploads\/2023\/05\/LOC4-768x1024.jpg?strip=info&#038;w=1536&#038;ssl=1 1536w\" alt=\"\" data-height=\"2048\" data-id=\"170\" data-link=\"https:\/\/www.patrolne.be\/?attachment_id=170\" data-url=\"https:\/\/www.patrolne.be\/wp-content\/uploads\/2023\/05\/LOC4-768x1024.jpg\" data-width=\"1536\" src=\"https:\/\/i0.wp.com\/www.patrolne.be\/wp-content\/uploads\/2023\/05\/LOC4-768x1024.jpg?ssl=1\" data-amp-layout=\"responsive\" aria-label=\"Ouvrir l\u2019image 4 sur 4 en plein \u00e9cran\"\/><\/figure><\/div><\/div><\/div><\/div><\/div>\n\n\n\n<blockquote class=\"wp-block-quote is-layout-flow wp-block-quote-is-layout-flow\">\n<p><\/p>\n<cite>Les locaux annexes permettent une s\u00e9paration efficace des espaces. Pouvant servir de dortoirs lors des courts s\u00e9jours de mouvements de jeunesse, de stockage ou de penderie pour vos \u00e9v\u00e8nements, ils sont utiles en toutes circonstances.<\/cite><\/blockquote>\n\n\n\n<div class=\"wp-block-buttons is-layout-flex wp-block-buttons-is-layout-flex\">\n<div class=\"wp-block-button\"><a class=\"wp-block-button__link wp-element-button\" href=\"http:\/\/www.patrolne.be\">Retour \u00e0 l&rsquo;accueil<\/a><\/div>\n<\/div>\n\n\n\n<hr class=\"wp-block-separator has-alpha-channel-opacity is-style-dots\"\/>\n\n\n\n<h2 class=\"wp-block-heading\">Les Sanitaires &#8211; Fraichement r\u00e9nov\u00e9s, les photos arrivent \ud83d\ude42<\/h2>\n\n\n\n\n\n<blockquote class=\"wp-block-quote is-layout-flow wp-block-quote-is-layout-flow\">\n<p><\/p>\n<cite>2 WC, 3 douches, 3 \u00e9viers : voici ce qui compose notre espace sanitaires.<\/cite><\/blockquote>\n\n\n\n<div class=\"wp-block-buttons is-layout-flex wp-block-buttons-is-layout-flex\">\n<div class=\"wp-block-button\"><a class=\"wp-block-button__link wp-element-button\" href=\"http:\/\/www.patrolne.be\">Retour \u00e0 l&rsquo;accueil<\/a><\/div>\n<\/div>\n\n\n\n<hr class=\"wp-block-separator has-alpha-channel-opacity\"\/>\n","protected":false},"excerpt":{"rendered":"<p>Les locaux annexes permettent une s\u00e9paration efficace des espaces. Pouvant servir de dortoirs lors des courts s\u00e9jours de mouvements de jeunesse, de stockage ou de penderie pour vos \u00e9v\u00e8nements, ils sont utiles en toutes circonstances. Les Sanitaires &#8211; Fraichement r\u00e9nov\u00e9s, les photos arrivent \ud83d\ude42 2 WC, 3 douches, 3 \u00e9viers : voici ce qui compose&hellip;&nbsp;<a href=\"https:\/\/www.patrolne.be\/?page_id=206\" rel=\"bookmark\">Lire la suite &raquo;<span class=\"screen-reader-text\">Locaux Annexes<\/span><\/a><\/p>\n","protected":false},"author":1,"featured_media":0,"parent":0,"menu_order":0,"comment_status":"closed","ping_status":"closed","template":"","meta":{"neve_meta_sidebar":"","neve_meta_container":"","neve_meta_enable_content_width":"","neve_meta_content_width":0,"neve_meta_title_alignment":"","neve_meta_author_avatar":"","neve_post_elements_order":"","neve_meta_disable_header":"","neve_meta_disable_footer":"","neve_meta_disable_title":"","footnotes":""},"class_list":["post-206","page","type-page","status-publish","hentry"],"jetpack_sharing_enabled":true,"_links":{"self":[{"href":"https:\/\/www.patrolne.be\/index.php?rest_route=\/wp\/v2\/pages\/206","targetHints":{"allow":["GET"]}}],"collection":[{"href":"https:\/\/www.patrolne.be\/index.php?rest_route=\/wp\/v2\/pages"}],"about":[{"href":"https:\/\/www.patrolne.be\/index.php?rest_route=\/wp\/v2\/types\/page"}],"author":[{"embeddable":true,"href":"https:\/\/www.patrolne.be\/index.php?rest_route=\/wp\/v2\/users\/1"}],"replies":[{"embeddable":true,"href":"https:\/\/www.patrolne.be\/index.php?rest_route=%2Fwp%2Fv2%2Fcomments&post=206"}],"version-history":[{"count":6,"href":"https:\/\/www.patrolne.be\/index.php?rest_route=\/wp\/v2\/pages\/206\/revisions"}],"predecessor-version":[{"id":281,"href":"https:\/\/www.patrolne.be\/index.php?rest_route=\/wp\/v2\/pages\/206\/revisions\/281"}],"wp:attachment":[{"href":"https:\/\/www.patrolne.be\/index.php?rest_route=%2Fwp%2Fv2%2Fmedia&parent=206"}],"curies":[{"name":"wp","href":"https:\/\/api.w.org\/{rel}","templated":true}]}}