{"id":195,"date":"2023-05-30T15:31:29","date_gmt":"2023-05-30T13:31:29","guid":{"rendered":"https:\/\/www.patrolne.be\/?page_id=195"},"modified":"2024-09-28T13:03:25","modified_gmt":"2024-09-28T11:03:25","slug":"la-cuisine","status":"publish","type":"page","link":"https:\/\/www.patrolne.be\/?page_id=195","title":{"rendered":"La Cuisine"},"content":{"rendered":"\n<hr class=\"wp-block-separator has-alpha-channel-opacity\"\/>\n\n\n\n<blockquote class=\"wp-block-quote is-layout-flow wp-block-quote-is-layout-flow\">\n<figure class=\"wp-block-gallery has-nested-images columns-default is-cropped wp-block-gallery-1 is-layout-flex wp-block-gallery-is-layout-flex\">\n<figure class=\"wp-block-image size-large\"><img fetchpriority=\"high\" decoding=\"async\" width=\"768\" height=\"1024\" data-id=\"153\" src=\"https:\/\/www.patrolne.be\/wp-content\/uploads\/2023\/05\/CUI14-768x1024.jpg\" alt=\"\" class=\"wp-image-153\" srcset=\"https:\/\/www.patrolne.be\/wp-content\/uploads\/2023\/05\/CUI14-768x1024.jpg 768w, https:\/\/www.patrolne.be\/wp-content\/uploads\/2023\/05\/CUI14-600x800.jpg 600w, https:\/\/www.patrolne.be\/wp-content\/uploads\/2023\/05\/CUI14-225x300.jpg 225w, https:\/\/www.patrolne.be\/wp-content\/uploads\/2023\/05\/CUI14-1152x1536.jpg 1152w, https:\/\/www.patrolne.be\/wp-content\/uploads\/2023\/05\/CUI14.jpg 1536w\" sizes=\"(max-width: 768px) 100vw, 768px\" \/><\/figure>\n\n\n\n<figure class=\"wp-block-image size-large is-style-default\"><img decoding=\"async\" width=\"768\" height=\"1024\" data-id=\"152\" src=\"https:\/\/www.patrolne.be\/wp-content\/uploads\/2023\/05\/CUI13-768x1024.jpg\" alt=\"\" class=\"wp-image-152\" srcset=\"https:\/\/www.patrolne.be\/wp-content\/uploads\/2023\/05\/CUI13-768x1024.jpg 768w, https:\/\/www.patrolne.be\/wp-content\/uploads\/2023\/05\/CUI13-600x800.jpg 600w, https:\/\/www.patrolne.be\/wp-content\/uploads\/2023\/05\/CUI13-225x300.jpg 225w, https:\/\/www.patrolne.be\/wp-content\/uploads\/2023\/05\/CUI13-1152x1536.jpg 1152w, https:\/\/www.patrolne.be\/wp-content\/uploads\/2023\/05\/CUI13.jpg 1536w\" sizes=\"(max-width: 768px) 100vw, 768px\" \/><\/figure>\n\n\n\n<figure class=\"wp-block-image size-large\"><img decoding=\"async\" width=\"1024\" height=\"768\" data-id=\"151\" src=\"https:\/\/www.patrolne.be\/wp-content\/uploads\/2023\/05\/CUI12-1024x768.jpg\" alt=\"\" class=\"wp-image-151\" srcset=\"https:\/\/www.patrolne.be\/wp-content\/uploads\/2023\/05\/CUI12-1024x768.jpg 1024w, https:\/\/www.patrolne.be\/wp-content\/uploads\/2023\/05\/CUI12-600x450.jpg 600w, https:\/\/www.patrolne.be\/wp-content\/uploads\/2023\/05\/CUI12-300x225.jpg 300w, https:\/\/www.patrolne.be\/wp-content\/uploads\/2023\/05\/CUI12-768x576.jpg 768w, https:\/\/www.patrolne.be\/wp-content\/uploads\/2023\/05\/CUI12-1536x1152.jpg 1536w, https:\/\/www.patrolne.be\/wp-content\/uploads\/2023\/05\/CUI12.jpg 2048w\" sizes=\"(max-width: 1024px) 100vw, 1024px\" \/><\/figure>\n\n\n\n<figure class=\"wp-block-image size-large\"><img loading=\"lazy\" decoding=\"async\" width=\"768\" height=\"1024\" data-id=\"150\" src=\"https:\/\/www.patrolne.be\/wp-content\/uploads\/2023\/05\/CUI11-768x1024.jpg\" alt=\"\" class=\"wp-image-150\" srcset=\"https:\/\/www.patrolne.be\/wp-content\/uploads\/2023\/05\/CUI11-768x1024.jpg 768w, https:\/\/www.patrolne.be\/wp-content\/uploads\/2023\/05\/CUI11-600x800.jpg 600w, https:\/\/www.patrolne.be\/wp-content\/uploads\/2023\/05\/CUI11-225x300.jpg 225w, https:\/\/www.patrolne.be\/wp-content\/uploads\/2023\/05\/CUI11-1152x1536.jpg 1152w, https:\/\/www.patrolne.be\/wp-content\/uploads\/2023\/05\/CUI11.jpg 1536w\" sizes=\"(max-width: 768px) 100vw, 768px\" \/><\/figure>\n\n\n\n<figure class=\"wp-block-image size-large\"><img loading=\"lazy\" decoding=\"async\" width=\"768\" height=\"1024\" data-id=\"149\" src=\"https:\/\/www.patrolne.be\/wp-content\/uploads\/2023\/05\/CUI10-768x1024.jpg\" alt=\"\" class=\"wp-image-149\" srcset=\"https:\/\/www.patrolne.be\/wp-content\/uploads\/2023\/05\/CUI10-768x1024.jpg 768w, https:\/\/www.patrolne.be\/wp-content\/uploads\/2023\/05\/CUI10-600x800.jpg 600w, https:\/\/www.patrolne.be\/wp-content\/uploads\/2023\/05\/CUI10-225x300.jpg 225w, https:\/\/www.patrolne.be\/wp-content\/uploads\/2023\/05\/CUI10-1152x1536.jpg 1152w, https:\/\/www.patrolne.be\/wp-content\/uploads\/2023\/05\/CUI10.jpg 1536w\" sizes=\"(max-width: 768px) 100vw, 768px\" \/><\/figure>\n\n\n\n<figure class=\"wp-block-image size-large\"><img loading=\"lazy\" decoding=\"async\" width=\"768\" height=\"1024\" data-id=\"148\" src=\"https:\/\/www.patrolne.be\/wp-content\/uploads\/2023\/05\/CUI9-768x1024.jpg\" alt=\"\" class=\"wp-image-148\" srcset=\"https:\/\/www.patrolne.be\/wp-content\/uploads\/2023\/05\/CUI9-768x1024.jpg 768w, https:\/\/www.patrolne.be\/wp-content\/uploads\/2023\/05\/CUI9-600x800.jpg 600w, https:\/\/www.patrolne.be\/wp-content\/uploads\/2023\/05\/CUI9-225x300.jpg 225w, https:\/\/www.patrolne.be\/wp-content\/uploads\/2023\/05\/CUI9-1152x1536.jpg 1152w, https:\/\/www.patrolne.be\/wp-content\/uploads\/2023\/05\/CUI9.jpg 1536w\" sizes=\"(max-width: 768px) 100vw, 768px\" \/><\/figure>\n\n\n\n<figure class=\"wp-block-image size-large\"><img loading=\"lazy\" decoding=\"async\" width=\"768\" height=\"1024\" data-id=\"147\" src=\"https:\/\/www.patrolne.be\/wp-content\/uploads\/2023\/05\/CUI8-768x1024.jpg\" alt=\"\" class=\"wp-image-147\" srcset=\"https:\/\/www.patrolne.be\/wp-content\/uploads\/2023\/05\/CUI8-768x1024.jpg 768w, https:\/\/www.patrolne.be\/wp-content\/uploads\/2023\/05\/CUI8-600x800.jpg 600w, https:\/\/www.patrolne.be\/wp-content\/uploads\/2023\/05\/CUI8-225x300.jpg 225w, https:\/\/www.patrolne.be\/wp-content\/uploads\/2023\/05\/CUI8-1152x1536.jpg 1152w, https:\/\/www.patrolne.be\/wp-content\/uploads\/2023\/05\/CUI8.jpg 1536w\" sizes=\"(max-width: 768px) 100vw, 768px\" \/><\/figure>\n\n\n\n<figure class=\"wp-block-image size-large\"><img loading=\"lazy\" decoding=\"async\" width=\"768\" height=\"1024\" data-id=\"146\" src=\"https:\/\/www.patrolne.be\/wp-content\/uploads\/2023\/05\/CUI7-768x1024.jpg\" alt=\"\" class=\"wp-image-146\" srcset=\"https:\/\/www.patrolne.be\/wp-content\/uploads\/2023\/05\/CUI7-768x1024.jpg 768w, https:\/\/www.patrolne.be\/wp-content\/uploads\/2023\/05\/CUI7-600x800.jpg 600w, https:\/\/www.patrolne.be\/wp-content\/uploads\/2023\/05\/CUI7-225x300.jpg 225w, https:\/\/www.patrolne.be\/wp-content\/uploads\/2023\/05\/CUI7-1152x1536.jpg 1152w, https:\/\/www.patrolne.be\/wp-content\/uploads\/2023\/05\/CUI7.jpg 1536w\" sizes=\"(max-width: 768px) 100vw, 768px\" \/><\/figure>\n\n\n\n<figure class=\"wp-block-image size-large\"><img loading=\"lazy\" decoding=\"async\" width=\"768\" height=\"1024\" data-id=\"145\" src=\"https:\/\/www.patrolne.be\/wp-content\/uploads\/2023\/05\/CUI6-768x1024.jpg\" alt=\"\" class=\"wp-image-145\" srcset=\"https:\/\/www.patrolne.be\/wp-content\/uploads\/2023\/05\/CUI6-768x1024.jpg 768w, https:\/\/www.patrolne.be\/wp-content\/uploads\/2023\/05\/CUI6-600x800.jpg 600w, https:\/\/www.patrolne.be\/wp-content\/uploads\/2023\/05\/CUI6-225x300.jpg 225w, https:\/\/www.patrolne.be\/wp-content\/uploads\/2023\/05\/CUI6-1152x1536.jpg 1152w, https:\/\/www.patrolne.be\/wp-content\/uploads\/2023\/05\/CUI6.jpg 1536w\" sizes=\"(max-width: 768px) 100vw, 768px\" \/><\/figure>\n\n\n\n<figure class=\"wp-block-image size-large\"><img loading=\"lazy\" decoding=\"async\" width=\"768\" height=\"1024\" data-id=\"144\" src=\"https:\/\/www.patrolne.be\/wp-content\/uploads\/2023\/05\/CUI5-768x1024.jpg\" alt=\"\" class=\"wp-image-144\" srcset=\"https:\/\/www.patrolne.be\/wp-content\/uploads\/2023\/05\/CUI5-768x1024.jpg 768w, https:\/\/www.patrolne.be\/wp-content\/uploads\/2023\/05\/CUI5-600x800.jpg 600w, https:\/\/www.patrolne.be\/wp-content\/uploads\/2023\/05\/CUI5-225x300.jpg 225w, https:\/\/www.patrolne.be\/wp-content\/uploads\/2023\/05\/CUI5-1152x1536.jpg 1152w, https:\/\/www.patrolne.be\/wp-content\/uploads\/2023\/05\/CUI5.jpg 1536w\" sizes=\"(max-width: 768px) 100vw, 768px\" \/><\/figure>\n\n\n\n<figure class=\"wp-block-image size-large\"><img loading=\"lazy\" decoding=\"async\" width=\"960\" height=\"720\" data-id=\"143\" src=\"https:\/\/www.patrolne.be\/wp-content\/uploads\/2023\/05\/CUI4.jpg\" alt=\"\" class=\"wp-image-143\" srcset=\"https:\/\/www.patrolne.be\/wp-content\/uploads\/2023\/05\/CUI4.jpg 960w, https:\/\/www.patrolne.be\/wp-content\/uploads\/2023\/05\/CUI4-600x450.jpg 600w, https:\/\/www.patrolne.be\/wp-content\/uploads\/2023\/05\/CUI4-300x225.jpg 300w, https:\/\/www.patrolne.be\/wp-content\/uploads\/2023\/05\/CUI4-768x576.jpg 768w\" sizes=\"(max-width: 960px) 100vw, 960px\" \/><\/figure>\n\n\n\n<figure class=\"wp-block-image size-large\"><img loading=\"lazy\" decoding=\"async\" width=\"720\" height=\"960\" data-id=\"142\" src=\"https:\/\/www.patrolne.be\/wp-content\/uploads\/2023\/05\/CUI3.jpg\" alt=\"\" class=\"wp-image-142\" srcset=\"https:\/\/www.patrolne.be\/wp-content\/uploads\/2023\/05\/CUI3.jpg 720w, https:\/\/www.patrolne.be\/wp-content\/uploads\/2023\/05\/CUI3-600x800.jpg 600w, https:\/\/www.patrolne.be\/wp-content\/uploads\/2023\/05\/CUI3-225x300.jpg 225w\" sizes=\"(max-width: 720px) 100vw, 720px\" \/><\/figure>\n\n\n\n<figure class=\"wp-block-image size-large\"><img loading=\"lazy\" decoding=\"async\" width=\"768\" height=\"1024\" data-id=\"141\" src=\"https:\/\/www.patrolne.be\/wp-content\/uploads\/2023\/05\/CUI2-768x1024.jpg\" alt=\"\" class=\"wp-image-141\" srcset=\"https:\/\/www.patrolne.be\/wp-content\/uploads\/2023\/05\/CUI2-768x1024.jpg 768w, https:\/\/www.patrolne.be\/wp-content\/uploads\/2023\/05\/CUI2-600x800.jpg 600w, https:\/\/www.patrolne.be\/wp-content\/uploads\/2023\/05\/CUI2-225x300.jpg 225w, https:\/\/www.patrolne.be\/wp-content\/uploads\/2023\/05\/CUI2-1152x1536.jpg 1152w, https:\/\/www.patrolne.be\/wp-content\/uploads\/2023\/05\/CUI2.jpg 1536w\" sizes=\"(max-width: 768px) 100vw, 768px\" \/><\/figure>\n\n\n\n<figure class=\"wp-block-image size-large\"><img loading=\"lazy\" decoding=\"async\" width=\"768\" height=\"1024\" data-id=\"140\" src=\"https:\/\/www.patrolne.be\/wp-content\/uploads\/2023\/05\/CUI1-768x1024.jpg\" alt=\"\" class=\"wp-image-140\" srcset=\"https:\/\/www.patrolne.be\/wp-content\/uploads\/2023\/05\/CUI1-768x1024.jpg 768w, https:\/\/www.patrolne.be\/wp-content\/uploads\/2023\/05\/CUI1-600x800.jpg 600w, https:\/\/www.patrolne.be\/wp-content\/uploads\/2023\/05\/CUI1-225x300.jpg 225w, https:\/\/www.patrolne.be\/wp-content\/uploads\/2023\/05\/CUI1-1152x1536.jpg 1152w, https:\/\/www.patrolne.be\/wp-content\/uploads\/2023\/05\/CUI1.jpg 1536w\" sizes=\"(max-width: 768px) 100vw, 768px\" \/><\/figure>\n<\/figure>\n<cite>Equip\u00e9e et spacieuse, notre cuisine est id\u00e9ale pour cuisiner pour un grand groupe, pr\u00e9parer de bons ap\u00e9ros ou simplement pour servir de coulisses lors de vos \u00e9v\u00e8nements. Le minimum en assiettes, couverts et gobelets est directement dispo et inclus dans votre location, cependant nous conseillons \u00e0 nos locataires d&#8217;emporter leur vaisselle.<\/cite><\/blockquote>\n\n\n\n<div class=\"wp-block-buttons is-layout-flex wp-block-buttons-is-layout-flex\">\n<div class=\"wp-block-button\"><a class=\"wp-block-button__link wp-element-button\" href=\"http:\/\/www.patrolne.be\">Retour \u00e0 l&rsquo;accueil<\/a><\/div>\n<\/div>\n","protected":false},"excerpt":{"rendered":"","protected":false},"author":1,"featured_media":0,"parent":0,"menu_order":0,"comment_status":"closed","ping_status":"closed","template":"","meta":{"neve_meta_sidebar":"","neve_meta_container":"","neve_meta_enable_content_width":"","neve_meta_content_width":0,"neve_meta_title_alignment":"","neve_meta_author_avatar":"","neve_post_elements_order":"","neve_meta_disable_header":"","neve_meta_disable_footer":"","neve_meta_disable_title":"","footnotes":""},"class_list":["post-195","page","type-page","status-publish","hentry"],"jetpack_sharing_enabled":true,"_links":{"self":[{"href":"https:\/\/www.patrolne.be\/index.php?rest_route=\/wp\/v2\/pages\/195","targetHints":{"allow":["GET"]}}],"collection":[{"href":"https:\/\/www.patrolne.be\/index.php?rest_route=\/wp\/v2\/pages"}],"about":[{"href":"https:\/\/www.patrolne.be\/index.php?rest_route=\/wp\/v2\/types\/page"}],"author":[{"embeddable":true,"href":"https:\/\/www.patrolne.be\/index.php?rest_route=\/wp\/v2\/users\/1"}],"replies":[{"embeddable":true,"href":"https:\/\/www.patrolne.be\/index.php?rest_route=%2Fwp%2Fv2%2Fcomments&post=195"}],"version-history":[{"count":4,"href":"https:\/\/www.patrolne.be\/index.php?rest_route=\/wp\/v2\/pages\/195\/revisions"}],"predecessor-version":[{"id":269,"href":"https:\/\/www.patrolne.be\/index.php?rest_route=\/wp\/v2\/pages\/195\/revisions\/269"}],"wp:attachment":[{"href":"https:\/\/www.patrolne.be\/index.php?rest_route=%2Fwp%2Fv2%2Fmedia&parent=195"}],"curies":[{"name":"wp","href":"https:\/\/api.w.org\/{rel}","templated":true}]}}